{"id":11479,"date":"2021-08-01T17:43:58","date_gmt":"2021-08-01T15:43:58","guid":{"rendered":"https:\/\/ik.po.edu.pl\/?page_id=11479"},"modified":"2025-09-24T21:25:04","modified_gmt":"2025-09-24T19:25:04","slug":"studia-podyplomowe","status":"publish","type":"page","link":"https:\/\/ik.po.edu.pl\/studia-podyplomowe\/","title":{"rendered":"Studia Podyplomowe Chiny w biznesie mi\u0119dzynarodowym \u2013 prawne i kulturowe aspekty wsp\u00f3\u0142pracy"},"content":{"rendered":"\t\t<div data-elementor-type=\"wp-page\" data-elementor-id=\"11479\" class=\"elementor elementor-11479\" data-elementor-post-type=\"page\">\n\t\t\t\t\t\t<section class=\"elementor-section elementor-top-section elementor-element elementor-element-52b4a5b0 elementor-section-boxed elementor-section-height-default elementor-section-height-default\" data-id=\"52b4a5b0\" data-element_type=\"section\" data-e-type=\"section\">\n\t\t\t\t\t\t<div class=\"elementor-container elementor-column-gap-default\">\n\t\t\t\t\t<div class=\"aux-parallax-section elementor-column elementor-col-100 elementor-top-column elementor-element elementor-element-4afdc187\" data-id=\"4afdc187\" data-element_type=\"column\" data-e-type=\"column\">\n\t\t\t<div class=\"elementor-widget-wrap elementor-element-populated\">\n\t\t\t\t\t\t<div class=\"elementor-element elementor-element-1187fee elementor-widget elementor-widget-text-editor\" data-id=\"1187fee\" data-element_type=\"widget\" data-e-type=\"widget\" data-widget_type=\"text-editor.default\">\n\t\t\t\t<div class=\"elementor-widget-container\">\n\t\t\t\t\t\t\t\t\t<p><\/p>\n<p><\/p>\n<h1 class=\"wp-block-heading has-text-align-center\">Studia Podyplomowe Chiny w biznesie mi\u0119dzynarodowym \u2013 prawne i kulturowe aspekty wsp\u00f3\u0142pracy<\/h1>\n<hr \/>\n<p><a href=\"https:\/\/ik.po.edu.pl\/wp-content\/uploads\/2025\/09\/Chiny-w-biznesie-miedzynarodowym-\u2013-prawne-i-kulturowe-aspekty-Semestr_zimowy_25_26.pdf\"><img decoding=\"async\" class=\"wp-image-3495 aligncenter\" src=\"https:\/\/ik.po.edu.pl\/wp-content\/uploads\/2015\/07\/pdf-icon.png\" alt=\"\" width=\"64\" height=\"64\" srcset=\"https:\/\/ik.po.edu.pl\/wp-content\/uploads\/2015\/07\/pdf-icon.png 256w, https:\/\/ik.po.edu.pl\/wp-content\/uploads\/2015\/07\/pdf-icon-150x150.png 150w, https:\/\/ik.po.edu.pl\/wp-content\/uploads\/2015\/07\/pdf-icon-160x160.png 160w\" sizes=\"(max-width: 64px) 100vw, 64px\" \/><\/a><\/p>\n<h3 style=\"text-align: center;\"><a href=\"https:\/\/ik.po.edu.pl\/wp-content\/uploads\/2025\/09\/Chiny-w-biznesie-miedzynarodowym-\u2013-prawne-i-kulturowe-aspekty-Semestr_zimowy_25_26.pdf\"><strong>Plan studi\u00f3w &#8211; semestr zimowy 2025\/2026<\/strong><\/a><\/h3>\n<hr \/>\n<p><\/p>\n<h4><strong>Studia s\u0105 w 50% finansowane przez Centrum Nauki J\u0119zyka i Wsp\u00f3\u0142pracy Ministerstwa Edukacji Chin<\/strong><\/h4>\n<h4><strong><\/strong><\/h4>\n<h4><strong>cena za dwa semestry: 3000 pln<\/strong><\/h4>\n<p><\/p>\n<h2 class=\"wp-block-heading has-text-align-left\"><strong><a href=\"https:\/\/irk.po.edu.pl\/pl\/offer\/ZAP_SP_2024\/programme\/SP-CBM\/\" data-type=\"link\" data-id=\"https:\/\/irk.po.edu.pl\/pl\/offer\/ZAP_SP_2024\/programme\/SP-CBM\/\"><span style=\"color: #800000;\">Zapisz si\u0119 ju\u017c dzi\u015b<\/span><\/a><br \/><a href=\"https:\/\/irk.po.edu.pl\/pl\/offer\/ZAP_SP_2024\/programme\/SP-CBM\/\">https:\/\/irk.po.edu.pl\/pl\/offer\/ZAP_SP_2024\/programme\/SP-CBM\/<\/a><\/strong><\/h2>\n<p><div class=\"wp-block-image\"><\/p>\n<figure class=\"alignright is-resized\"><a href=\"https:\/\/ik.po.opole.pl\/wp-content\/uploads\/2024\/08\/STUDIA_PODYPLOMOWE_24_PLAKAT_4-scaled.jpg\"><img fetchpriority=\"high\" decoding=\"async\" width=\"800\" height=\"1131\" class=\"wp-image-17315\" style=\"width: 800px;\" src=\"https:\/\/ik.po.opole.pl\/wp-content\/uploads\/2024\/08\/STUDIA_PODYPLOMOWE_24_PLAKAT_4-scaled.jpg\" alt=\"\" srcset=\"https:\/\/ik.po.edu.pl\/wp-content\/uploads\/2024\/08\/STUDIA_PODYPLOMOWE_24_PLAKAT_4-scaled.jpg 1810w, https:\/\/ik.po.edu.pl\/wp-content\/uploads\/2024\/08\/STUDIA_PODYPLOMOWE_24_PLAKAT_4-1086x1536.jpg 1086w, https:\/\/ik.po.edu.pl\/wp-content\/uploads\/2024\/08\/STUDIA_PODYPLOMOWE_24_PLAKAT_4-1448x2048.jpg 1448w, https:\/\/ik.po.edu.pl\/wp-content\/uploads\/2024\/08\/STUDIA_PODYPLOMOWE_24_PLAKAT_4-200x283.jpg 200w\" sizes=\"(max-width: 800px) 100vw, 800px\" \/><\/a><\/figure>\n<p><\/div><\/p>\n<p><strong>ADRESACI:<\/strong>\u2013 Mened\u017cerowie;<br \/>\u2013 Osoby zainteresowane wsp\u00f3\u0142prac\u0105 gospodarcz\u0105<br \/>z podmiotami chi\u0144skimi;<br \/>\u2013 Osoby zainteresowane prac\u0105 na stanowiskach kierowniczych<br \/>w chi\u0144skich przedsi\u0119biorstwach;<br \/>\u2013 Przedstawiciele firm doradczo \u2013 szkoleniowych;<br \/>\u2013 Trenerzy i konsultanci;<br \/>\u2013 Pracownicy samorz\u0105dowi;<br \/>\u2013 Przedstawiciele medi\u00f3w.<\/p>\n<p><\/p>\n<p><strong>CZAS I MIEJSCE TRWANIA<br \/>\u2013 2 semestry<\/strong><\/p>\n<p><\/p>\n<p>\u2013 Centrum Wsp\u00f3\u0142pracy Polska \u2013 Chiny<br \/>\u201eInstytut Konfucjusza\u201d<br \/>Politechnika Opolska<br \/>ul. Wary\u0144skiego 4 (budynek CeNaBiz), 45-047 Opole<\/p>\n<p><\/p>\n<p><strong>NASI SPECJALI\u015aCI<\/strong><br \/>\u2013 dr hab. Bogdan G\u00f3ralczyk, prof. UW<br \/>\u2013 prof. dr hab. Marian Noga<br \/>\u2013 mgr Rados\u0142aw Pyffel<br \/>\u2013 ks. dr hab. Dariusz Kleinowski \u2013 R\u00f3\u017cycki<br \/>\u2013 mgr Yingnan Sun<br \/>\u2013 mgr Wenjing Gong<br \/>\u2026 i wielu innych<\/p>\n<p><\/p>\n<p><strong>KORZY\u015aCI<br \/><\/strong>Wiedza zdobyta w trakcie studi\u00f3w stworzy trwa\u0142\u0105 baz\u0119 dla efektywnej wsp\u00f3\u0142pracy z podmiotami chi\u0144skimi i sprawnego poruszania w realiach chi\u0144skiej gospodarki. Wysok\u0105 jako\u015b\u0107 przed\u0142o\u017conej oferty kszta\u0142cenia podyplomowego zapewnia kadra naukowc\u00f3w, praktyk\u00f3w biznesu oraz dyplomat\u00f3w<br \/>z Polski Chin.<\/p>\n<p><\/p>\n<p><strong>WI\u0118CEJ INFORMACJI<br \/><\/strong>ul. Wary\u0144skiego 4, 45-047 Opole<br \/>tel. 77 449 81 33<br \/>e-mail: <a href=\"mailto:instytutkonfucjusza@po.edu.pl\">instytutkonfucjusza@po.edu.pl<\/a><\/p>\n<p><\/p>\n<p><\/p>\t\t\t\t\t\t\t\t<\/div>\n\t\t\t\t<\/div>\n\t\t\t\t\t<\/div>\n\t\t<\/div>\n\t\t\t\t\t<\/div>\n\t\t<\/section>\n\t\t\t\t<\/div>\n\t\t","protected":false},"excerpt":{"rendered":"<p>Studia Podyplomowe Chiny w biznesie mi\u0119dzynarodowym \u2013 prawne i kulturowe aspekty wsp\u00f3\u0142pracy Plan studi\u00f3w &#8211; semestr zimowy 2025\/2026 Studia s\u0105 w 50% finansowane przez Centrum Nauki J\u0119zyka i Wsp\u00f3\u0142pracy Ministerstwa Edukacji Chin cena za dwa semestry: 3000 pln Zapisz si\u0119 ju\u017c dzi\u015bhttps:\/\/irk.po.edu.pl\/pl\/offer\/ZAP_SP_2024\/programme\/SP-CBM\/ ADRESACI:\u2013 Mened\u017cerowie;\u2013 Osoby zainteresowane wsp\u00f3\u0142prac\u0105 gospodarcz\u0105z podmiotami chi\u0144skimi;\u2013 Osoby zainteresowane prac\u0105 na stanowiskach [&hellip;]<\/p>\n","protected":false},"author":1,"featured_media":0,"parent":0,"menu_order":0,"comment_status":"closed","ping_status":"closed","template":"","meta":{"footnotes":""},"class_list":["post-11479","page","type-page","status-publish","hentry"],"_links":{"self":[{"href":"https:\/\/ik.po.edu.pl\/wp-json\/wp\/v2\/pages\/11479","targetHints":{"allow":["GET"]}}],"collection":[{"href":"https:\/\/ik.po.edu.pl\/wp-json\/wp\/v2\/pages"}],"about":[{"href":"https:\/\/ik.po.edu.pl\/wp-json\/wp\/v2\/types\/page"}],"author":[{"embeddable":true,"href":"https:\/\/ik.po.edu.pl\/wp-json\/wp\/v2\/users\/1"}],"replies":[{"embeddable":true,"href":"https:\/\/ik.po.edu.pl\/wp-json\/wp\/v2\/comments?post=11479"}],"version-history":[{"count":25,"href":"https:\/\/ik.po.edu.pl\/wp-json\/wp\/v2\/pages\/11479\/revisions"}],"predecessor-version":[{"id":18075,"href":"https:\/\/ik.po.edu.pl\/wp-json\/wp\/v2\/pages\/11479\/revisions\/18075"}],"wp:attachment":[{"href":"https:\/\/ik.po.edu.pl\/wp-json\/wp\/v2\/media?parent=11479"}],"curies":[{"name":"wp","href":"https:\/\/api.w.org\/{rel}","templated":true}]}}